{"id":842,"date":"2022-05-30T17:51:20","date_gmt":"2022-05-30T13:51:20","guid":{"rendered":"https:\/\/bakuxeber.az\/?page_id=842"},"modified":"2025-07-17T14:37:54","modified_gmt":"2025-07-17T14:37:54","slug":"%c9%99laq%c9%99","status":"publish","type":"page","link":"https:\/\/bakuxeber.az\/?page_id=842","title":{"rendered":"\u018flaq\u0259"},"content":{"rendered":"<p><a href=\"https:\/\/disk.yandex.com.tr\/d\/9DawZ79D-_DMVA\"><strong>ANDROID \u0259m\u0259liyyat sistemli\u00a0 \u00a0smartfonlar\u00a0 \u27a1\ufe0f\u00a0 &#8211;Y\u00dcKL\u018f&#8211;<\/strong><\/a><\/p>\n<p style=\"text-align: center;\"><strong>G\u00d6RD\u00dcY\u00dcN\u00dcZ MARAQLI HAD\u0130S\u018fL\u018fR\u0130<\/strong><br \/>\n<strong>QAR\u015eILA\u015eDI\u011eINIZ HAQSIZLIQLARI<\/strong><br \/>\n<strong>S\u018fS\u0130N\u0130Z\u0130 DUYURMAQ \u0130ST\u018fD\u0130Y\u0130N\u0130Z M\u00d6VZULARI<\/strong><br \/>\n<strong>B\u0130Z\u0130ML\u018f PAYLA\u015eIN<\/strong><\/p>\n<p><strong><a href=\"https:\/\/www.facebook.com\/zamiq.quliyev\">Facebook<\/a><\/strong><\/p>\n<p><strong><a href=\"http:\/\/instagram.com\/bakuxeber.az_official\">\u0130nstagram<\/a><\/strong><\/p>\n<p><strong><a href=\"https:\/\/t.me\/+n2rPNHpKSAlkNDNi\">Telegram<\/a><\/strong><\/p>\n<p><a href=\"https:\/\/youtube.com\/channel\/UC6RihPGnkBlWOamRLtSoctA\"><strong>Youtube<\/strong><\/a><\/p>\n<p><strong>WhatsaApp : (070) 266-01-20<\/strong><\/p>\n<p>&nbsp;<\/p>\n","protected":false},"excerpt":{"rendered":"<p>ANDROID \u0259m\u0259liyyat sistemli\u00a0 \u00a0smartfonlar\u00a0 \u27a1\ufe0f\u00a0 &#8211;Y\u00dcKL\u018f&#8211; G\u00d6RD\u00dcY\u00dcN\u00dcZ MARAQLI HAD\u0130S\u018fL\u018fR\u0130 QAR\u015eILA\u015eDI\u011eINIZ<\/p>\n","protected":false},"author":1,"featured_media":0,"parent":0,"menu_order":0,"comment_status":"closed","ping_status":"closed","template":"","meta":{"footnotes":""},"class_list":["post-842","page","type-page","status-publish","hentry"],"yoast_head":"<!-- This site is optimized with the Yoast SEO plugin v21.6 - https:\/\/yoast.com\/wordpress\/plugins\/seo\/ -->\n<title>\u018flaq\u0259 - BAKUXEBER.AZ<\/title>\n<meta name=\"robots\" content=\"index, follow, max-snippet:-1, max-image-preview:large, max-video-preview:-1\" \/>\n<link rel=\"canonical\" href=\"https:\/\/bakuxeber.az\/?page_id=842\" \/>\n<meta property=\"og:locale\" content=\"az_AZ\" \/>\n<meta property=\"og:type\" content=\"article\" \/>\n<meta property=\"og:title\" content=\"\u018flaq\u0259 - BAKUXEBER.AZ\" \/>\n<meta property=\"og:description\" content=\"ANDROID \u0259m\u0259liyyat sistemli\u00a0 \u00a0smartfonlar\u00a0 \u27a1\ufe0f\u00a0 &#8211;Y\u00dcKL\u018f&#8211; G\u00d6RD\u00dcY\u00dcN\u00dcZ MARAQLI HAD\u0130S\u018fL\u018fR\u0130 QAR\u015eILA\u015eDI\u011eINIZ\" \/>\n<meta property=\"og:url\" content=\"https:\/\/bakuxeber.az\/?page_id=842\" \/>\n<meta property=\"og:site_name\" content=\"BAKUXEBER.AZ\" \/>\n<meta property=\"article:publisher\" content=\"https:\/\/www.facebook.com\/zamiq.quliyev\" \/>\n<meta property=\"article:modified_time\" content=\"2025-07-17T14:37:54+00:00\" \/>\n<meta name=\"twitter:card\" content=\"summary_large_image\" \/>\n<meta name=\"twitter:label1\" content=\"Est. reading time\" \/>\n\t<meta name=\"twitter:data1\" content=\"1 minute\" \/>\n<script type=\"application\/ld+json\" class=\"yoast-schema-graph\">{\"@context\":\"https:\/\/schema.org\",\"@graph\":[{\"@type\":\"WebPage\",\"@id\":\"https:\/\/bakuxeber.az\/?page_id=842\",\"url\":\"https:\/\/bakuxeber.az\/?page_id=842\",\"name\":\"\u018flaq\u0259 - BAKUXEBER.AZ\",\"isPartOf\":{\"@id\":\"https:\/\/bakuxeber.az\/#website\"},\"datePublished\":\"2022-05-30T13:51:20+00:00\",\"dateModified\":\"2025-07-17T14:37:54+00:00\",\"breadcrumb\":{\"@id\":\"https:\/\/bakuxeber.az\/?page_id=842#breadcrumb\"},\"inLanguage\":\"az\",\"potentialAction\":[{\"@type\":\"ReadAction\",\"target\":[\"https:\/\/bakuxeber.az\/?page_id=842\"]}]},{\"@type\":\"BreadcrumbList\",\"@id\":\"https:\/\/bakuxeber.az\/?page_id=842#breadcrumb\",\"itemListElement\":[{\"@type\":\"ListItem\",\"position\":1,\"name\":\"ANA S\u018fH\u0130F\u018f\",\"item\":\"https:\/\/bakuxeber.az\/\"},{\"@type\":\"ListItem\",\"position\":2,\"name\":\"\u018flaq\u0259\"}]},{\"@type\":\"WebSite\",\"@id\":\"https:\/\/bakuxeber.az\/#website\",\"url\":\"https:\/\/bakuxeber.az\/\",\"name\":\"BAKUXEBER.AZ\",\"description\":\"BakuXeber.Az\",\"publisher\":{\"@id\":\"https:\/\/bakuxeber.az\/#organization\"},\"potentialAction\":[{\"@type\":\"SearchAction\",\"target\":{\"@type\":\"EntryPoint\",\"urlTemplate\":\"https:\/\/bakuxeber.az\/?s={search_term_string}\"},\"query-input\":\"required name=search_term_string\"}],\"inLanguage\":\"az\"},{\"@type\":\"Organization\",\"@id\":\"https:\/\/bakuxeber.az\/#organization\",\"name\":\"BAKUXEBER.AZ\",\"url\":\"https:\/\/bakuxeber.az\/\",\"logo\":{\"@type\":\"ImageObject\",\"inLanguage\":\"az\",\"@id\":\"https:\/\/bakuxeber.az\/#\/schema\/logo\/image\/\",\"url\":\"https:\/\/bakuxeber.az\/wp-content\/uploads\/2022\/10\/cropped-1666042141996-2.png\",\"contentUrl\":\"https:\/\/bakuxeber.az\/wp-content\/uploads\/2022\/10\/cropped-1666042141996-2.png\",\"width\":1847,\"height\":494,\"caption\":\"BAKUXEBER.AZ\"},\"image\":{\"@id\":\"https:\/\/bakuxeber.az\/#\/schema\/logo\/image\/\"},\"sameAs\":[\"https:\/\/www.facebook.com\/zamiq.quliyev\",\"https:\/\/youtube.com\/channel\/UC6RihPGnkBlWOamRLtSoctA\"]}]}<\/script>\n<!-- \/ Yoast SEO plugin. -->","yoast_head_json":{"title":"\u018flaq\u0259 - BAKUXEBER.AZ","robots":{"index":"index","follow":"follow","max-snippet":"max-snippet:-1","max-image-preview":"max-image-preview:large","max-video-preview":"max-video-preview:-1"},"canonical":"https:\/\/bakuxeber.az\/?page_id=842","og_locale":"az_AZ","og_type":"article","og_title":"\u018flaq\u0259 - BAKUXEBER.AZ","og_description":"ANDROID \u0259m\u0259liyyat sistemli\u00a0 \u00a0smartfonlar\u00a0 \u27a1\ufe0f\u00a0 &#8211;Y\u00dcKL\u018f&#8211; G\u00d6RD\u00dcY\u00dcN\u00dcZ MARAQLI HAD\u0130S\u018fL\u018fR\u0130 QAR\u015eILA\u015eDI\u011eINIZ","og_url":"https:\/\/bakuxeber.az\/?page_id=842","og_site_name":"BAKUXEBER.AZ","article_publisher":"https:\/\/www.facebook.com\/zamiq.quliyev","article_modified_time":"2025-07-17T14:37:54+00:00","twitter_card":"summary_large_image","twitter_misc":{"Est. reading time":"1 minute"},"schema":{"@context":"https:\/\/schema.org","@graph":[{"@type":"WebPage","@id":"https:\/\/bakuxeber.az\/?page_id=842","url":"https:\/\/bakuxeber.az\/?page_id=842","name":"\u018flaq\u0259 - BAKUXEBER.AZ","isPartOf":{"@id":"https:\/\/bakuxeber.az\/#website"},"datePublished":"2022-05-30T13:51:20+00:00","dateModified":"2025-07-17T14:37:54+00:00","breadcrumb":{"@id":"https:\/\/bakuxeber.az\/?page_id=842#breadcrumb"},"inLanguage":"az","potentialAction":[{"@type":"ReadAction","target":["https:\/\/bakuxeber.az\/?page_id=842"]}]},{"@type":"BreadcrumbList","@id":"https:\/\/bakuxeber.az\/?page_id=842#breadcrumb","itemListElement":[{"@type":"ListItem","position":1,"name":"ANA S\u018fH\u0130F\u018f","item":"https:\/\/bakuxeber.az\/"},{"@type":"ListItem","position":2,"name":"\u018flaq\u0259"}]},{"@type":"WebSite","@id":"https:\/\/bakuxeber.az\/#website","url":"https:\/\/bakuxeber.az\/","name":"BAKUXEBER.AZ","description":"BakuXeber.Az","publisher":{"@id":"https:\/\/bakuxeber.az\/#organization"},"potentialAction":[{"@type":"SearchAction","target":{"@type":"EntryPoint","urlTemplate":"https:\/\/bakuxeber.az\/?s={search_term_string}"},"query-input":"required name=search_term_string"}],"inLanguage":"az"},{"@type":"Organization","@id":"https:\/\/bakuxeber.az\/#organization","name":"BAKUXEBER.AZ","url":"https:\/\/bakuxeber.az\/","logo":{"@type":"ImageObject","inLanguage":"az","@id":"https:\/\/bakuxeber.az\/#\/schema\/logo\/image\/","url":"https:\/\/bakuxeber.az\/wp-content\/uploads\/2022\/10\/cropped-1666042141996-2.png","contentUrl":"https:\/\/bakuxeber.az\/wp-content\/uploads\/2022\/10\/cropped-1666042141996-2.png","width":1847,"height":494,"caption":"BAKUXEBER.AZ"},"image":{"@id":"https:\/\/bakuxeber.az\/#\/schema\/logo\/image\/"},"sameAs":["https:\/\/www.facebook.com\/zamiq.quliyev","https:\/\/youtube.com\/channel\/UC6RihPGnkBlWOamRLtSoctA"]}]}},"_links":{"self":[{"href":"https:\/\/bakuxeber.az\/index.php?rest_route=\/wp\/v2\/pages\/842","targetHints":{"allow":["GET"]}}],"collection":[{"href":"https:\/\/bakuxeber.az\/index.php?rest_route=\/wp\/v2\/pages"}],"about":[{"href":"https:\/\/bakuxeber.az\/index.php?rest_route=\/wp\/v2\/types\/page"}],"author":[{"embeddable":true,"href":"https:\/\/bakuxeber.az\/index.php?rest_route=\/wp\/v2\/users\/1"}],"replies":[{"embeddable":true,"href":"https:\/\/bakuxeber.az\/index.php?rest_route=%2Fwp%2Fv2%2Fcomments&post=842"}],"version-history":[{"count":10,"href":"https:\/\/bakuxeber.az\/index.php?rest_route=\/wp\/v2\/pages\/842\/revisions"}],"predecessor-version":[{"id":7856,"href":"https:\/\/bakuxeber.az\/index.php?rest_route=\/wp\/v2\/pages\/842\/revisions\/7856"}],"wp:attachment":[{"href":"https:\/\/bakuxeber.az\/index.php?rest_route=%2Fwp%2Fv2%2Fmedia&parent=842"}],"curies":[{"name":"wp","href":"https:\/\/api.w.org\/{rel}","templated":true}]}}